{"id":3,"date":"2021-08-04T11:54:22","date_gmt":"2021-08-04T09:54:22","guid":{"rendered":"http:\/\/relaunch-loftage.schmoe.de\/?page_id=3"},"modified":"2023-03-08T08:49:53","modified_gmt":"2023-03-08T07:49:53","slug":"datenschutzerklaerung","status":"publish","type":"page","link":"https:\/\/www.loftage.de\/en\/datenschutzerklaerung\/","title":{"rendered":"Datenschutzerkl\u00e4rung"},"content":{"rendered":"<div data-elementor-type=\"wp-page\" data-elementor-id=\"3\" class=\"elementor elementor-3\" data-elementor-post-type=\"page\">\n\t\t\t\t\t\t<section class=\"elementor-section elementor-top-section elementor-element elementor-element-2324293b elementor-section-boxed elementor-section-height-default elementor-section-height-default\" data-id=\"2324293b\" data-element_type=\"section\" data-e-type=\"section\">\n\t\t\t\t\t\t<div class=\"elementor-container elementor-column-gap-default\">\n\t\t\t\t\t<div class=\"elementor-column elementor-col-100 elementor-top-column elementor-element elementor-element-7031fde4\" data-id=\"7031fde4\" data-element_type=\"column\" data-e-type=\"column\">\n\t\t\t<div class=\"elementor-widget-wrap elementor-element-populated\">\n\t\t\t\t\t\t<div class=\"elementor-element elementor-element-3d97852f elementor-widget elementor-widget-text-editor\" data-id=\"3d97852f\" data-element_type=\"widget\" data-e-type=\"widget\" data-widget_type=\"text-editor.default\">\n\t\t\t\t<div class=\"elementor-widget-container\">\n\t\t\t\t\t\t\t\t\t<h1>Privacy<\/h1><h2>Unser Statement zu Ihrem Schutz<\/h2><p>Wir freuen uns \u00fcber Ihren Besuch auf unserer Web-Site sowie \u00fcber ihr Interesse an unserem Unternehmen, an unseren Produkten und Dienstleistungen.<\/p><p>Wir m\u00f6chten, dass Sie sich beim Besuch unserer Internet-Seiten sicher f\u00fchlen. Der Schutz Ihrer Privatsph\u00e4re bei der Bearbeitung pers\u00f6nlicher Daten ist f\u00fcr uns dabei ein wichtiges Anliegen. Grunds\u00e4tzlich sind f\u00fcr uns die Informationen \u00fcber Kunden, Mitarbeiter und alle Besucher unserer Internetseiten besonders sch\u00fctzenswert und werden von uns vertraulich und nur in \u00dcbereinstimmung mit den jeweils geltenden Rechtsvorschriften verwendet. Dies gilt besonders f\u00fcr personenbezogene Daten, bei<br \/>denen wir selbstverst\u00e4ndlich die entsprechenden Datenschutzvorschriften einhalten<\/p><h2>Die Sicherheit Ihrer Daten schreiben wir gro\u00df<\/h2><p>Sie reservieren einen Tisch oder unsere Dienstleistungen f\u00fcr eine Veranstaltung?<br \/>Sie vertrauen uns pers\u00f6nliche Daten an \u2013 wir behandeln sie mit gr\u00f6\u00dfter Sorgfalt, denn der Schutz Ihrer Privatsph\u00e4re bei der Verarbeitung personenbezogener Daten ist f\u00fcr uns ein wichtiges Anliegen, das wir bei unseren Gesch\u00e4ftsprozessen ber\u00fccksichtigen. Wenn Sie uns<br \/>per Mail \/Brief ansprechen, erkl\u00e4ren Sie Ihr Einverst\u00e4ndnis mit dieser Datenschutzrichtlinie.<\/p><p>Die Datenschutzerkl\u00e4rung gilt auch f\u00fcr den Auftritt unserer Webseite. Die Seiten in diesem<br \/>Auftritt k\u00f6nnen Links auf andere Anbieter enthalten, auf die sich die Datenschutzrichtlinie nicht erstreckt, d.h. f\u00fcr diese Inhalte k\u00f6nnen wir keine Haftung \u00fcbernehmen.<\/p><h3>Erhebung und Verarbeitung personenbezogener Daten<\/h3><p>Wie speichern pers\u00f6nliche Daten, wenn Sie uns diese von sich aus, z.B. im Rahmen einer<br \/>Buchung, einer Rechnungserstellung einer Umfrage, eines Preisausschreibens oder zur<br \/>Durchf\u00fchrung eines Vertrags (z.B. Veranstaltung) angeben.<\/p><p>Dar\u00fcber hinaus analysieren wir die Besuche auf unserer Website mit dem Ziel, die Bed\u00fcrfnisse unserer Kunden zu verstehen und auf Basis dessen die Online Plattform stetig zu verbessern. Dazu speichern wir standardm\u00e4\u00dfig die IP-Adresse des Internet Service Providers unserer Besucher. Die IP-Adresse wird nicht mit einer bestimmten Person in Verbindung gebracht. Im Rahmen der Webanalyse werden lediglich anonyme, aggregierte Daten zu<br \/>statistischen Zwecken ausgewertet.<\/p><h3>Weitergabe pers\u00f6nlicher Daten an Dritte<\/h3><p>Ihre personenbezogenen Daten werden an Dritte nur weitergegeben, wenn dies zum Zwecke der Vertragsabwicklung erforderlich ist oder Sie davor eingewilligt haben. Eine erteilte Einwilligung ist jederzeit wiederrufbar. Ein Handel \/Verkauf Ihrer Daten durch uns ist ausgeschlossen.<\/p><h3>Datensicherheit<\/h3><p>Wir setzen technische und organisatorische Sicherheitsma\u00dfnahmen ein, um Ihre durch uns verwalteten Daten gegen zuf\u00e4llige oder vors\u00e4tzliche Manipulationen, Verlust, Zerst\u00f6rung oder gegen den Zugriff unberechtigter Personen zu sch\u00fctzen.<\/p><h3>Auskunftsrecht<\/h3><p>Auf Anforderung teilen wir Ihnen mit, ob und welche pers\u00f6nlichen Daten \u00fcber Sie bei uns gespeichert sind. Sie haben jederzeit ein Recht auf Auskunft, Richtigstellung und L\u00f6schung Ihrer gespeicherten Daten unter den <strong>Voraussetzungen des Bundesdatenschutzgesetz (BDSG).<\/strong><\/p><h3>Widerspruchsrecht:<\/h3><p>Sie k\u00f6nnen der Verarbeitung und Nutzung Ihrer Daten zu Werbezwecken widersprechen (\u00a7<br \/>28 Abs. 4 BDSG). Dabei ist jedes Unternehmen, das Sie pers\u00f6nlich zu Werbezwecken anschreibt, verpflichtet, Sie \u00fcber dieses Widerspruchsrecht zu informieren<\/p><p>Nach dem Widerspruch d\u00fcrfen die Daten nicht mehr zu den genannten Zwecken verwendet werden. \u00dcbermittelt ein Unternehmen Ihre Daten dennoch, stellt dies bei vors\u00e4tzlichem und fahrl\u00e4ssigem Handeln eine Ordnungswidrigkeit dar, die mit einer Geldbu\u00dfe geahndet werden kann (\u00a7 43 Abs. 2 Ziffer 5 b DSG). Das Bu\u00dfgeld soll sich an den wirtschaftlichen Vorteilen,<br \/>die der T\u00e4ter aus der unberechtigten Verwendung Ihrer Daten gezogen hat. Handelt das<br \/>Unternehmen gegen Entgelt oder in der Absicht, sich oder einen anderen zu bereichern oder zu sch\u00e4digen, liegt eine Straftat vor (\u00a7 44 Abs. 1 BDSG).<\/p><h3>Benachrichtigungspflichten:<\/h3><p>Unternehmen, die gesch\u00e4ftsm\u00e4\u00dfig Daten zum Zweck der \u00dcbermittlung speichern, haben Ihnen gegen\u00fcber eine Benachrichtigungspflicht (\u00a7 33 Abs. 1 BDSG). Danach sind Sie von der erstmaligen \u00dcbermittlung und der Art der \u00fcbermittelten Daten in Kenntnis zu setzten. Allerdings gibt es hiervon Ausnahmen, die sehr weit gefasst sind. So besteht keine Benachrichtigungspflicht, wenn die Daten aus allgemein zug\u00e4nglichen Quellen entnommen sind, wenn die Betroffenen auf andere Weise Kenntnis von der Speicherung oder der<br \/>\u00dcbermittlung erlangt haben.<\/p><h3>Auskunfts-, Berichtigungs-und L\u00f6schungsanspruch:<\/h3><p>Sie haben gegen\u00fcber den verantwortlichen Stellen ein Auskunftsrecht (\u00a7 34 Abs. 1 BDSG). Die Unternehmen sind verpflichtet, Ihnen mitzuteilen, welche Daten \u00fcber Sie zu welchem Zweck gespeichert sind, woher die Daten stammen und an welches Unternehmen die Daten weitergeleitet wurden. Das Unternehmen hat Ihnen die Auskunft schriftlich zu erteilen, soweit nicht wegen besonderer Umst\u00e4nde eine andere Form der Auskunftserteilung angemessen ist. Die Auskunft ist unentgeltlich zu geben. Einen Mustertext finden Sie unter:<br \/>http:\/\/www.datenschutz.rlp.de\/downloads\/misc\/werbewiderspruch.pdf<\/p><p>Hat die Auskunftserteilung ergeben, dass unrichtige Daten zu Ihrer Person bei dem Unternehmen gespeichert sind, haben Sie ein Recht auf Berichtigung (\u00a7 35 Abs. 1 BDSG) der unrichtigen Daten. Dar\u00fcber hinaus besteht ein Recht auf L\u00f6schung (\u00a7 35 Abs. 2 BDSG),<br \/>wenn die Speicherung der Daten unzul\u00e4ssig ist.<\/p><p>Quelle: http:\/\/www.datenschutz.de<br \/>Prof. Dr. Michael Ronellenfitsch, Der Hessische Datenschutzbeauftragte<\/p><p>We use the data we collect for the following general purposes:<\/p><ul><li>To respond to the request that you sent us such as your request for information, or your request to subscribe to a service we offer;<\/li><li>To administer, protect and improve our site and our systems;<\/li><li>To better understand the preferences of our site visitors;<\/li><li>To identify server problems;<\/li><li>To compile aggregated statistics about site usage;<\/li><li>To help personalize your experience of our site;<\/li><li>To improve our products and services and other internal business purposes;<br \/>and to inform you about our products and services.<\/li><\/ul><div>\u00a0<\/div><h3>Wordfence<\/h3><div><p>We have included Wordfence on this website. The provider is Defiant Inc, Defiant, Inc, 800 5th Ave Ste 4100, Seattle, WA 98104, USA (hereinafter \"Wordfence\").<\/p><p>Wordfence is designed to protect our website from unwanted access or malicious cyberattacks. To accomplish this, our website establishes a permanent connection with Wordfence's servers, which check and block their databases against access to our website.<\/p><p>The use of Wordfence is based on Art. 6(1)(f) GDPR. The website operator has a legitimate interest in the most effective protection of his website against cyberattacks. If appropriate consent has been obtained, the processing is carried out exclusively on the basis of Art. 6(1)(a) GDPR and \u00c2\u00a7 25 (1) TTDSG, insofar the consent includes the storage of cookies or the access to information in the user's end device (e.g., device fingerprinting) within the meaning of the TTDSG. This consent can be revoked at any time.<\/p><p>Data transmission to the USA is based on the standard contractual clauses of the EU Commission. Details can be found here: <a href=\"https:\/\/www.wordfence.com\/help\/general-data-protection-regulation\/\" target=\"_blank\" rel=\"noopener\"><span style=\"color: #000000;\">https:\/\/www.wordfence.com\/help\/general-data-protection-regulation\/<\/span><\/a>.<\/p><p><strong>Data processing<\/strong><\/p><p>We have concluded a data processing agreement (DPA) for the use of the above-mentioned service. This is a contract mandated by data privacy laws that guarantees that they process personal data of our website visitors only based on our instructions and in compliance with the GDPR.<\/p><\/div>\t\t\t\t\t\t\t\t<\/div>\n\t\t\t\t<\/div>\n\t\t\t\t\t<\/div>\n\t\t<\/div>\n\t\t\t\t\t<\/div>\n\t\t<\/section>\n\t\t\t\t<\/div>","protected":false},"excerpt":{"rendered":"<p>Datenschutz Unser Statement zu Ihrem Schutz Wir freuen uns \u00fcber Ihren Besuch auf unserer Web-Site sowie \u00fcber ihr Interesse an unserem Unternehmen, an unseren Produkten und Dienstleistungen. Wir m\u00f6chten, dass Sie sich beim Besuch unserer Internet-Seiten sicher f\u00fchlen. Der Schutz Ihrer Privatsph\u00e4re bei der Bearbeitung pers\u00f6nlicher Daten ist f\u00fcr uns dabei ein wichtiges Anliegen. Grunds\u00e4tzlich [&hellip;]<\/p>\n","protected":false},"author":1,"featured_media":0,"parent":0,"menu_order":0,"comment_status":"closed","ping_status":"open","template":"","meta":{"footnotes":""},"class_list":["post-3","page","type-page","status-publish","hentry"],"_links":{"self":[{"href":"https:\/\/www.loftage.de\/en\/wp-json\/wp\/v2\/pages\/3","targetHints":{"allow":["GET"]}}],"collection":[{"href":"https:\/\/www.loftage.de\/en\/wp-json\/wp\/v2\/pages"}],"about":[{"href":"https:\/\/www.loftage.de\/en\/wp-json\/wp\/v2\/types\/page"}],"author":[{"embeddable":true,"href":"https:\/\/www.loftage.de\/en\/wp-json\/wp\/v2\/users\/1"}],"replies":[{"embeddable":true,"href":"https:\/\/www.loftage.de\/en\/wp-json\/wp\/v2\/comments?post=3"}],"version-history":[{"count":49,"href":"https:\/\/www.loftage.de\/en\/wp-json\/wp\/v2\/pages\/3\/revisions"}],"predecessor-version":[{"id":2528,"href":"https:\/\/www.loftage.de\/en\/wp-json\/wp\/v2\/pages\/3\/revisions\/2528"}],"wp:attachment":[{"href":"https:\/\/www.loftage.de\/en\/wp-json\/wp\/v2\/media?parent=3"}],"curies":[{"name":"wp","href":"https:\/\/api.w.org\/{rel}","templated":true}]}}