{"id":39,"date":"2021-09-12T17:15:41","date_gmt":"2021-09-12T15:15:41","guid":{"rendered":"https:\/\/relaunch-loftage.schmoe.de\/contact-us\/"},"modified":"2023-02-28T11:54:05","modified_gmt":"2023-02-28T10:54:05","slug":"ueber-uns","status":"publish","type":"page","link":"https:\/\/www.loftage.de\/en\/ueber-uns\/","title":{"rendered":"About us"},"content":{"rendered":"\t\t<div data-elementor-type=\"wp-page\" data-elementor-id=\"39\" class=\"elementor elementor-39\" data-elementor-post-type=\"page\">\n\t\t\t\t\t\t<section class=\"elementor-section elementor-top-section elementor-element elementor-element-9b6e5d1 elementor-section-full_width elementor-section-height-default elementor-section-height-default\" data-id=\"9b6e5d1\" data-element_type=\"section\" data-e-type=\"section\">\n\t\t\t\t\t\t<div class=\"elementor-container elementor-column-gap-default\">\n\t\t\t\t\t<div class=\"elementor-column elementor-col-100 elementor-top-column elementor-element elementor-element-f5dc0ee\" data-id=\"f5dc0ee\" data-element_type=\"column\" data-e-type=\"column\">\n\t\t\t<div class=\"elementor-widget-wrap elementor-element-populated\">\n\t\t\t\t\t\t<section class=\"elementor-section elementor-inner-section elementor-element elementor-element-650ba3e elementor-section-full_width elementor-section-height-default elementor-section-height-default\" data-id=\"650ba3e\" data-element_type=\"section\" data-e-type=\"section\">\n\t\t\t\t\t\t<div class=\"elementor-container elementor-column-gap-default\">\n\t\t\t\t\t<div class=\"elementor-column elementor-col-50 elementor-inner-column elementor-element elementor-element-4576428\" data-id=\"4576428\" data-element_type=\"column\" data-e-type=\"column\">\n\t\t\t<div class=\"elementor-widget-wrap elementor-element-populated\">\n\t\t\t\t\t\t<div class=\"elementor-element elementor-element-66488d4 elementor-invisible elementor-widget elementor-widget-heading\" data-id=\"66488d4\" data-element_type=\"widget\" data-e-type=\"widget\" data-settings=\"{&quot;_animation&quot;:&quot;fadeInUp&quot;}\" data-widget_type=\"heading.default\">\n\t\t\t\t<div class=\"elementor-widget-container\">\n\t\t\t\t\t<h1 class=\"elementor-heading-title elementor-size-default\">Unser Start 2005<\/h1>\t\t\t\t<\/div>\n\t\t\t\t<\/div>\n\t\t\t\t<div class=\"elementor-element elementor-element-99d6105 elementor-widget__width-auto elementor-invisible elementor-widget elementor-widget-heading\" data-id=\"99d6105\" data-element_type=\"widget\" data-e-type=\"widget\" data-settings=\"{&quot;_animation&quot;:&quot;fadeInUp&quot;}\" data-widget_type=\"heading.default\">\n\t\t\t\t<div class=\"elementor-widget-container\">\n\t\t\t\t\t<h6 class=\"elementor-heading-title elementor-size-default\">WAS UNS MOTIVIERT<\/h6>\t\t\t\t<\/div>\n\t\t\t\t<\/div>\n\t\t\t\t<div class=\"elementor-element elementor-element-6821ddf elementor-widget elementor-widget-spacer\" data-id=\"6821ddf\" data-element_type=\"widget\" data-e-type=\"widget\" data-widget_type=\"spacer.default\">\n\t\t\t\t<div class=\"elementor-widget-container\">\n\t\t\t\t\t\t\t<div class=\"elementor-spacer\">\n\t\t\t<div class=\"elementor-spacer-inner\"><\/div>\n\t\t<\/div>\n\t\t\t\t\t\t<\/div>\n\t\t\t\t<\/div>\n\t\t\t\t<div class=\"elementor-element elementor-element-f499dba elementor-widget__width-initial elementor-widget elementor-widget-text-editor\" data-id=\"f499dba\" data-element_type=\"widget\" data-e-type=\"widget\" data-widget_type=\"text-editor.default\">\n\t\t\t\t<div class=\"elementor-widget-container\">\n\t\t\t\t\t\t\t\t\t<p>Das Haus wurde Mitte der 70er als Lager und Logistikgeb\u00e4ude konzipiert.<\/p><p>Nachdem LINDE Industriegase Anfang 2002 auszog, begannen wir mit den Renovierungsarbeiten. Wir orientierten uns an verlassenen Industriebauten z.B. in London, Paris und New York.<\/p><p>Uns war es wichtig, den industriellen Charakter der R\u00e4ume zu erhalten. Nach umfangreichen Sanierungsarbeiten in Eigenregie, konnten wir im Sp\u00e4tsommer 2005 er\u00f6ffnen.<\/p><p>Seither haben wir Technik und Inneneinrichtung weiter entwickelt, die Bed\u00fcrfnisse unserer G\u00e4ste im Blick behaltend.<\/p>\t\t\t\t\t\t\t\t<\/div>\n\t\t\t\t<\/div>\n\t\t\t\t\t<\/div>\n\t\t<\/div>\n\t\t\t\t<div class=\"elementor-column elementor-col-50 elementor-inner-column elementor-element elementor-element-890fb17\" data-id=\"890fb17\" data-element_type=\"column\" data-e-type=\"column\">\n\t\t\t<div class=\"elementor-widget-wrap elementor-element-populated\">\n\t\t\t\t\t\t<div class=\"elementor-element elementor-element-360ccc3 elementor-widget elementor-widget-image\" data-id=\"360ccc3\" data-element_type=\"widget\" data-e-type=\"widget\" data-widget_type=\"image.default\">\n\t\t\t\t<div class=\"elementor-widget-container\">\n\t\t\t\t\t\t\t\t\t\t\t\t\t\t\t<img decoding=\"async\" src=\"https:\/\/www.loftage.de\/wp-content\/uploads\/elementor\/thumbs\/0310EL164-005-q26x4fg8dymcdy9dgqy20x4q9aqui749qf7tu8x1do.jpg\" title=\"0310EL164 005\" alt=\"0310EL164 005\" loading=\"lazy\" \/>\t\t\t\t\t\t\t\t\t\t\t\t\t\t\t<\/div>\n\t\t\t\t<\/div>\n\t\t\t\t\t<\/div>\n\t\t<\/div>\n\t\t\t\t\t<\/div>\n\t\t<\/section>\n\t\t\t\t\t<\/div>\n\t\t<\/div>\n\t\t\t\t\t<\/div>\n\t\t<\/section>\n\t\t\t\t<section class=\"elementor-section elementor-top-section elementor-element elementor-element-233b42e6 elementor-section-full_width elementor-section-content-middle elementor-section-height-default elementor-section-height-default\" data-id=\"233b42e6\" data-element_type=\"section\" data-e-type=\"section\">\n\t\t\t\t\t\t<div class=\"elementor-container elementor-column-gap-no\">\n\t\t\t\t\t<div class=\"elementor-column elementor-col-50 elementor-top-column elementor-element elementor-element-5a717d01\" data-id=\"5a717d01\" data-element_type=\"column\" data-e-type=\"column\" data-settings=\"{&quot;background_background&quot;:&quot;classic&quot;}\">\n\t\t\t<div class=\"elementor-widget-wrap elementor-element-populated\">\n\t\t\t\t\t<div class=\"elementor-background-overlay\"><\/div>\n\t\t\t\t\t\t<div class=\"elementor-element elementor-element-3e21720d elementor-invisible elementor-widget elementor-widget-heading\" data-id=\"3e21720d\" data-element_type=\"widget\" data-e-type=\"widget\" data-settings=\"{&quot;_animation&quot;:&quot;fadeInUp&quot;}\" data-widget_type=\"heading.default\">\n\t\t\t\t<div class=\"elementor-widget-container\">\n\t\t\t\t\t<h4 class=\"elementor-heading-title elementor-size-default\">Unsere Philosophie<\/h4>\t\t\t\t<\/div>\n\t\t\t\t<\/div>\n\t\t\t\t\t<\/div>\n\t\t<\/div>\n\t\t\t\t<div class=\"elementor-column elementor-col-50 elementor-top-column elementor-element elementor-element-2b866a79\" data-id=\"2b866a79\" data-element_type=\"column\" data-e-type=\"column\">\n\t\t\t<div class=\"elementor-widget-wrap elementor-element-populated\">\n\t\t\t\t\t\t<div class=\"elementor-element elementor-element-2e4e6c0 elementor-widget elementor-widget-heading\" data-id=\"2e4e6c0\" data-element_type=\"widget\" data-e-type=\"widget\" data-widget_type=\"heading.default\">\n\t\t\t\t<div class=\"elementor-widget-container\">\n\t\t\t\t\t<h2 class=\"elementor-heading-title elementor-size-default\"><span>WIE WIR DENKEN UND HANDELN<\/span><\/h2>\t\t\t\t<\/div>\n\t\t\t\t<\/div>\n\t\t\t\t<div class=\"elementor-element elementor-element-497c3d37 elementor-widget elementor-widget-text-editor\" data-id=\"497c3d37\" data-element_type=\"widget\" data-e-type=\"widget\" data-widget_type=\"text-editor.default\">\n\t\t\t\t<div class=\"elementor-widget-container\">\n\t\t\t\t\t\t\t\t\t<p><strong>UNSERE KUNDEN \/INTERESSENTEN<br><\/strong><\/p>\n<p>Wir stellen in Vorgespr\u00e4chen eine &#8222;win &#8211; win&#8220; Beziehung her.<\/p>\n<p>Bausteine:<\/p>\n<p>W\u00fcnsche unserer Interessenten verstehen,<\/p>\n<p>Transparenz von Machbarkeit und Kosten,<\/p>\n<p>Vertrauensaufbau, Dienstleistungen in Menge und Qualit\u00e4t zu erbringen,<\/p>\n<p>Einhalten von Budgets<\/p>\n<p><strong>UNSERE MITARBEITER:INNEN<\/strong><\/p>\n<p>Beteiligung am Erfolg, Qualifizierung und F\u00e4higkeiten st\u00e4rken,<\/p>\n<p>als Gastgeber (rechte Hand) zu denken, und zu handeln,<\/p>\n<p>notwendige F\u00e4higkeiten, z.B.:<\/p>\n<p>Produktwissen, selbstst\u00e4ndiges Arbeiten, Belastbarkeit, Frustrationstoleranz, Teamf\u00e4higkeit, soziale Kompetenz, Ausdrucksf\u00e4higkeit in Fremdsprachen<\/p>\n<p><strong>GESELLSCHAFT<\/strong><\/p>\n<p>Unser unternehmerisches Handeln orientiert sich an anerkannten Sozial- und Umweltstandards (CSR).<\/p>\n<p>Wir sind an langfristigen, stabilen Beziehungen zu unseren Kunden, Mitarbeitern und Lieferanten interessiert,<\/p>\n<p>Wir akzeptieren seit 2014 ausschlie\u00dflich: Bank-, Kreditkarten, Bankanweisungen<\/p>\n<p><strong>UMWELT<\/strong><\/p>\n<p>Regelm\u00e4\u00dfige Analyse der Wertsch\u00f6pfungs-Prozesse<\/p>\n<p>Reduzierung des Ressourcenverbrauchs<\/p>\n<p>Investitionen in energiesparende Technik.<\/p>\n<p>Kompostierung der Bio-Abf\u00e4lle<\/p>\n<p>Begr\u00fcnung, Pflege des Au\u00dfenbereiches, Entwicklung von Insekten- und V\u00f6gelhabitaten<\/p>\t\t\t\t\t\t\t\t<\/div>\n\t\t\t\t<\/div>\n\t\t\t\t<div class=\"elementor-element elementor-element-7fa316b3 elementor-widget elementor-widget-text-editor\" data-id=\"7fa316b3\" data-element_type=\"widget\" data-e-type=\"widget\" data-widget_type=\"text-editor.default\">\n\t\t\t\t<div class=\"elementor-widget-container\">\n\t\t\t\t\t\t\t\t\t<p>&#8230;<\/p>\t\t\t\t\t\t\t\t<\/div>\n\t\t\t\t<\/div>\n\t\t\t\t\t<\/div>\n\t\t<\/div>\n\t\t\t\t\t<\/div>\n\t\t<\/section>\n\t\t\t\t<section class=\"elementor-section elementor-top-section elementor-element elementor-element-f99333c elementor-section-boxed elementor-section-height-default elementor-section-height-default\" data-id=\"f99333c\" data-element_type=\"section\" data-e-type=\"section\">\n\t\t\t\t\t\t\t<div class=\"elementor-background-overlay\"><\/div>\n\t\t\t\t\t\t\t<div class=\"elementor-container elementor-column-gap-default\">\n\t\t\t\t\t<div class=\"elementor-column elementor-col-100 elementor-top-column elementor-element elementor-element-d6fd82b\" data-id=\"d6fd82b\" data-element_type=\"column\" data-e-type=\"column\">\n\t\t\t<div class=\"elementor-widget-wrap elementor-element-populated\">\n\t\t\t\t\t\t<div class=\"elementor-element elementor-element-39c299d elementor-widget elementor-widget-heading\" data-id=\"39c299d\" data-element_type=\"widget\" data-e-type=\"widget\" data-widget_type=\"heading.default\">\n\t\t\t\t<div class=\"elementor-widget-container\">\n\t\t\t\t\t<h4 class=\"elementor-heading-title elementor-size-default\">Senden Sie uns eine Nachricht <\/h4>\t\t\t\t<\/div>\n\t\t\t\t<\/div>\n\t\t\t\t<div class=\"elementor-element elementor-element-13c76ec elementor-button-align-stretch elementor-widget elementor-widget-form\" data-id=\"13c76ec\" data-element_type=\"widget\" data-e-type=\"widget\" data-settings=\"{&quot;step_next_label&quot;:&quot;Next&quot;,&quot;step_previous_label&quot;:&quot;Previous&quot;,&quot;button_width&quot;:&quot;100&quot;,&quot;step_type&quot;:&quot;number_text&quot;,&quot;step_icon_shape&quot;:&quot;circle&quot;}\" data-widget_type=\"form.default\">\n\t\t\t\t<div class=\"elementor-widget-container\">\n\t\t\t\t\t\t\t<form class=\"elementor-form\" method=\"post\" name=\"Nachricht senden\" aria-label=\"Nachricht senden\">\n\t\t\t<input type=\"hidden\" name=\"post_id\" value=\"39\"\/>\n\t\t\t<input type=\"hidden\" name=\"form_id\" value=\"13c76ec\"\/>\n\t\t\t<input type=\"hidden\" name=\"referer_title\" value=\"\u00dcber uns | LOFTAGE\" \/>\n\n\t\t\t\t\t\t\t<input type=\"hidden\" name=\"queried_id\" value=\"39\"\/>\n\t\t\t\n\t\t\t<div class=\"elementor-form-fields-wrapper elementor-labels-above\">\n\t\t\t\t\t\t\t\t<div class=\"elementor-field-type-text elementor-field-group elementor-column elementor-field-group-name elementor-col-100 elementor-field-required elementor-mark-required\">\n\t\t\t\t\t\t\t\t\t\t\t\t<label for=\"form-field-name\" class=\"elementor-field-label\">\n\t\t\t\t\t\t\t\tIhr Name\t\t\t\t\t\t\t<\/label>\n\t\t\t\t\t\t\t\t\t\t\t\t\t\t<input size=\"1\" type=\"text\" name=\"form_fields[name]\" id=\"form-field-name\" class=\"elementor-field elementor-size-sm  elementor-field-textual\" placeholder=\"Name\" required=\"required\">\n\t\t\t\t\t\t\t\t\t\t\t<\/div>\n\t\t\t\t\t\t\t\t<div class=\"elementor-field-type-email elementor-field-group elementor-column elementor-field-group-email elementor-col-100 elementor-field-required elementor-mark-required\">\n\t\t\t\t\t\t\t\t\t\t\t\t<label for=\"form-field-email\" class=\"elementor-field-label\">\n\t\t\t\t\t\t\t\tIhre E-Mail\t\t\t\t\t\t\t<\/label>\n\t\t\t\t\t\t\t\t\t\t\t\t\t\t<input size=\"1\" type=\"email\" name=\"form_fields[email]\" id=\"form-field-email\" class=\"elementor-field elementor-size-sm  elementor-field-textual\" placeholder=\"Email\" required=\"required\">\n\t\t\t\t\t\t\t\t\t\t\t<\/div>\n\t\t\t\t\t\t\t\t<div class=\"elementor-field-type-textarea elementor-field-group elementor-column elementor-field-group-message elementor-col-100\">\n\t\t\t\t\t\t\t\t\t\t\t\t<label for=\"form-field-message\" class=\"elementor-field-label\">\n\t\t\t\t\t\t\t\tIhre Anfrage\t\t\t\t\t\t\t<\/label>\n\t\t\t\t\t\t<textarea class=\"elementor-field-textual elementor-field  elementor-size-sm\" name=\"form_fields[message]\" id=\"form-field-message\" rows=\"4\" placeholder=\"Message\"><\/textarea>\t\t\t\t<\/div>\n\t\t\t\t\t\t\t\t<div class=\"elementor-field-type-acceptance elementor-field-group elementor-column elementor-field-group-field_f0261b2 elementor-col-100 elementor-field-required elementor-mark-required\">\n\t\t\t\t\t\t\t<div class=\"elementor-field-subgroup\">\n\t\t\t<span class=\"elementor-field-option\">\n\t\t\t\t<input type=\"checkbox\" name=\"form_fields[field_f0261b2]\" id=\"form-field-field_f0261b2\" class=\"elementor-field elementor-size-sm  elementor-acceptance-field\" required=\"required\">\n\t\t\t\t<label for=\"form-field-field_f0261b2\">Ich habe die Datenschutzerkl\u00e4rung zur Kenntnis genommen. Ich stimme zu, dass die von mir \u00fcbermittelten Daten zur Kontaktaufnahme und f\u00fcr R\u00fcckfragen dauerhaft gespeichert werden. Mir ist bekannt, dass ich diese Zustimmung jederzeit f\u00fcr die Zukunft widerrufen kann.* <\/label>\t\t\t<\/span>\n\t\t<\/div>\n\t\t\t\t\t\t<\/div>\n\t\t\t\t\t\t\t\t<div class=\"elementor-field-group elementor-column elementor-field-type-submit elementor-col-100 e-form__buttons\">\n\t\t\t\t\t<button class=\"elementor-button elementor-size-sm\" type=\"submit\">\n\t\t\t\t\t\t<span class=\"elementor-button-content-wrapper\">\n\t\t\t\t\t\t\t\t\t\t\t\t\t\t\t\t\t\t\t\t\t\t<span class=\"elementor-button-text\">Anfrage senden<\/span>\n\t\t\t\t\t\t\t\t\t\t\t\t\t<\/span>\n\t\t\t\t\t<\/button>\n\t\t\t\t<\/div>\n\t\t\t<\/div>\n\t\t<\/form>\n\t\t\t\t\t\t<\/div>\n\t\t\t\t<\/div>\n\t\t\t\t<div class=\"elementor-element elementor-element-1923b86 elementor-widget elementor-widget-text-editor\" data-id=\"1923b86\" data-element_type=\"widget\" data-e-type=\"widget\" data-widget_type=\"text-editor.default\">\n\t\t\t\t<div class=\"elementor-widget-container\">\n\t\t\t\t\t\t\t\t\t<p><em>*Pflichtfeld<\/em><\/p>\t\t\t\t\t\t\t\t<\/div>\n\t\t\t\t<\/div>\n\t\t\t\t\t<\/div>\n\t\t<\/div>\n\t\t\t\t\t<\/div>\n\t\t<\/section>\n\t\t\t\t<\/div>\n\t\t","protected":false},"excerpt":{"rendered":"<p>Unser Start 2005 WAS UNS MOTIVIERT Das Haus wurde Mitte der 70er als Lager und Logistikgeb\u00e4ude konzipiert. Nachdem LINDE Industriegase Anfang 2002 auszog, begannen wir mit den Renovierungsarbeiten. Wir orientierten uns an verlassenen Industriebauten z.B. in London, Paris und New York. Uns war es wichtig, den industriellen Charakter der R\u00e4ume zu erhalten. Nach umfangreichen Sanierungsarbeiten [&hellip;]<\/p>\n","protected":false},"author":1,"featured_media":0,"parent":0,"menu_order":0,"comment_status":"closed","ping_status":"closed","template":"","meta":{"footnotes":""},"class_list":["post-39","page","type-page","status-publish","hentry"],"_links":{"self":[{"href":"https:\/\/www.loftage.de\/en\/wp-json\/wp\/v2\/pages\/39","targetHints":{"allow":["GET"]}}],"collection":[{"href":"https:\/\/www.loftage.de\/en\/wp-json\/wp\/v2\/pages"}],"about":[{"href":"https:\/\/www.loftage.de\/en\/wp-json\/wp\/v2\/types\/page"}],"author":[{"embeddable":true,"href":"https:\/\/www.loftage.de\/en\/wp-json\/wp\/v2\/users\/1"}],"replies":[{"embeddable":true,"href":"https:\/\/www.loftage.de\/en\/wp-json\/wp\/v2\/comments?post=39"}],"version-history":[{"count":266,"href":"https:\/\/www.loftage.de\/en\/wp-json\/wp\/v2\/pages\/39\/revisions"}],"predecessor-version":[{"id":2483,"href":"https:\/\/www.loftage.de\/en\/wp-json\/wp\/v2\/pages\/39\/revisions\/2483"}],"wp:attachment":[{"href":"https:\/\/www.loftage.de\/en\/wp-json\/wp\/v2\/media?parent=39"}],"curies":[{"name":"wp","href":"https:\/\/api.w.org\/{rel}","templated":true}]}}