{"id":892,"date":"2021-09-22T12:51:53","date_gmt":"2021-09-22T10:51:53","guid":{"rendered":"https:\/\/relaunch-loftage.schmoe.de\/?page_id=892"},"modified":"2023-02-19T22:22:24","modified_gmt":"2023-02-19T21:22:24","slug":"impressum","status":"publish","type":"page","link":"https:\/\/www.loftage.de\/en\/impressum\/","title":{"rendered":"Imprint"},"content":{"rendered":"<div data-elementor-type=\"wp-page\" data-elementor-id=\"892\" class=\"elementor elementor-892\" data-elementor-post-type=\"page\">\n\t\t\t\t\t\t<section class=\"elementor-section elementor-top-section elementor-element elementor-element-e6405af elementor-section-boxed elementor-section-height-default elementor-section-height-default\" data-id=\"e6405af\" data-element_type=\"section\" data-e-type=\"section\">\n\t\t\t\t\t\t<div class=\"elementor-container elementor-column-gap-default\">\n\t\t\t\t\t<div class=\"elementor-column elementor-col-100 elementor-top-column elementor-element elementor-element-fdebe5b\" data-id=\"fdebe5b\" data-element_type=\"column\" data-e-type=\"column\">\n\t\t\t<div class=\"elementor-widget-wrap elementor-element-populated\">\n\t\t\t\t\t\t<div class=\"elementor-element elementor-element-7c9cd05 elementor-widget elementor-widget-text-editor\" data-id=\"7c9cd05\" data-element_type=\"widget\" data-e-type=\"widget\" data-widget_type=\"text-editor.default\">\n\t\t\t\t<div class=\"elementor-widget-container\">\n\t\t\t\t\t\t\t\t\t<h1>Imprint<\/h1>\n<p>LOFTAGE Frankfurt GmbH<\/p>\n<p>Eschborner Landstrasse 164 <br>D 60489 Frankfurt \/Main <br>Gesch\u00e4ftsf\u00fchrer: Dipl. Ing. William Knuettel <br>Bankverbindung: Frankfurter Sparkasse 1822 <br>Handelsregister: HRB 75 277 \u2013 USt.-IdNr.: DE24 37 42 219<br>Gerichtsstand &amp; Erf\u00fcllungsort: Frankfurt \/Main<br>@: <a href=\"mailto:anfragen@loftage.de\"><span style=\"color: #000000;\">anfragen@loftage.de<\/span><\/a><br>T: +4969.74306761<\/p>\n<p>LOFTAGE RHEIN MAIN Veranstaltungen<\/p>\n<p>Eschborner Landstrasse 164<br>D 60489 Frankfurt \/Main<br>Inhaber: Dipl. Ing. Willliam Knuettel<br>Bankverbindung: Commerzbank<br>St.Nr. 014 836 37 948 \/ USt.-IdNr.: DE 18 59 18 961<br>Gerichtsstand &amp; Erf\u00fcllungsort: Frankfurt \/Main<\/p>\n<p>KCC KitChenCatering GmbH<\/p>\n<p>Eschborner Landstrasse 1644<br>D 60489 Frankfurt \/Main<br>Gesch\u00e4ftsf\u00fchrer: Charlotte Gassner &amp;William Knuettel<\/p>\n<p>web-Seiten Konzeption: LOFTAGE RHEIN MAIN <br>Programmierung: Sch\u00f6lzel, M\u00f6hring GmbH \u2013 Borrnheimer Landwehr 46 &#8211; 60385 Frankfurt am Main<\/p>\n<p>Veranstaltungen<\/p>\n<p>B Gesetzliche Angaben<\/p>\n<p>S\u00e4mtliche Daten, Texte und Bilder sind Eigentum der LOFTAGE Rhein-Main. Die Verwendung zu gewerblichen Zwecken ist untersagt. Ausz\u00fcge von Texten, welche aus anderen Quellen stammen, sind mit Quellangaben zu versehen.<\/p>\n<p>Hinweis<\/p>\n<p>Das Informationsangebot der LOFTAGE Rhein Main wurde mit Sorgfalt erstellt und wird<br>st\u00e4ndig aktualisiert. Dessen ungeachtet k\u00f6nnen wir f\u00fcr die Richtigkeit, Vollst\u00e4ndigkeit und<br>Aktualit\u00e4t der Inhalte keine Gew\u00e4hr \u00fcbernehmen. Die Preisangaben unserer Angebote<br>besitzen G\u00fcltigkeit.<\/p>\n<p>Mit Urteil vom 12. Mai 1998 hat das Landgericht Hamburg entschieden, dass man durch die<br>Anbringung eines Links die Inhalte der gelinkten Seite ggf. mit zu verantworten hat. Dies<br>kann \u2013so das Landgericht \u2013nur dadurch verhindert werden, dass man sich ausdr\u00fccklich von<br>diesen Inhalten distanziert. Auf dieser Website befinden sich Links zu anderen Inhalten im<br>Internet. F\u00fcr diese Links gilt: Wir betonen ausdr\u00fccklich, dass wir keinerlei Einfluss auf die<br>Gestaltung und die Inhalte der gelinkten Seiten\/Inhalte haben. Deshalb distanzieren wir uns<br>hiermit ausdr\u00fccklich von allen Inhalten aller gelinkten Seiten auf dieser Website. Diese<br>Erkl\u00e4rung gilt f\u00fcr alle Seiten dieser Site, von denen Links oder Banner auf externe Inhalte<br>abgehen.<\/p>\n<p>Privacy<\/p>\n<p>Bei der Nutzung unseres Internetangebotes werden Sie eventuell um die Angabe<br>pers\u00f6nlicher Informationen gebeten. Die Beantwortung dieser Fragen ist freiwillig. Ihre<br>pers\u00f6nlichen Daten werden entsprechend den deutschen Datenschutzbestimmungen<br>gespeichert und verarbeitet. Die im Rahmen der Benutzung unserer Website erhobenen<br>personenbezogenen Daten werden zum Zweck der Bearbeitung Ihrer Anfragen genutzt. Eine<br>Verarbeitung und Nutzung Ihrer Daten f\u00fcr Zwecke der Beratung, der Werbung und der<br>Marktforschung erfolgt nur mit Ihrer ausdr\u00fccklichen Zustimmung. Ihre Einwilligung k\u00f6nnen<br>Sie jederzeit mit Wirkung f\u00fcr die Zukunft widerrufen.<\/p>\n<p>Automatisch gesammelte Informationen, die keine personenbezogenen Daten sind<\/p>\n<p>Wenn Sie auf die Website www.loftage.de der LOFTAGE Frankfurt GmbH zugreifen, werden<br>gelegentlich automatisch (also nicht \u00fcber eine Registrierung) allgemeine Informationen<br>gesammelt, die nicht personenbezogen sind (z.B. verwendeter Internet-Browser, Anzahl der<br>Besuche, durchschnittliche Verweilzeit, aufgerufene Seiten). Wir verwenden diese<br>Informationen, um die Attraktivit\u00e4t unserer Website zu ermitteln und deren Inhalt und<br>Funktionalit\u00e4t zu verbessern.<\/p>\n<p>Urheberrechte<\/p>\n<p>Alle Texte, Bilder, Graphiken, Ton-, Video-und Animationsdateien sowie deren Anordnung<br>auf der Website www.loftage.de der Frankfurt GmbH unterliegen dem Urheberrecht<br>und anderen Gesetzen zum Schutz geistigen Eigentums. Sie d\u00fcrfen weder f\u00fcr kommerzielle<br>Zwecke oder zur Weitergabe kopiert noch ver\u00e4ndert und auf anderen Websites verwendet<br>werden. Davon ausgenommen ist das unter den Rubriken &#8222;Presse&#8220; und &#8222;Dienstleistungen&#8220;<br>f\u00fcr die Weiterverbreitung ausdr\u00fccklich angebotene Text-und Bildmaterial. Wir weisen darauf<br>hin, dass einige Internet-Seiten auch Bilder und Texte enthalten k\u00f6nnen, die dem Urheberrecht<br>derjenigen unterliegen, die diese zur Verf\u00fcgunggestellt haben.<\/p>\n<p>Haftung<\/p>\n<p>Alle Angaben dieses Internetangebotes wurden sorgf\u00e4ltig gepr\u00fcft. Wir bem\u00fchen uns, dieses<br>Informationsangebot stetig zu erweitern und zu aktualisieren. Eine Garantie f\u00fcr die<br>Vollst\u00e4ndigkeit, Richtigkeit und letzte Aktualit\u00e4t kann jedoch nicht \u00fcbernommen werden. Die<br>www.loftage.de stellt diese Informationen ohne jegliche Zusicherung oder Gew\u00e4hrleistung<br>jedweder Art, sei sie ausdr\u00fccklich oder stillschweigend, zur Verf\u00fcgung. Die www.loftage.de<\/p>\n<p>Veranstaltungen schlie\u00dft jegliche Haftung f\u00fcr Sch\u00e4den, die direkt oder indirekt aus der Benutzung dieser<br>Website entstehen, aus, soweit diese nicht auf Vorsatz oder grober Fahrl\u00e4ssigkeit der<br>www.loftage.de der beruhen.<\/p>\n<p>Verweise und Links<\/p>\n<p>Bei direkten oder indirekten Verweisen auf fremde Internetseiten (&#8222;Links&#8220;), die au\u00dferhalb<br>des Verantwortungsbereiches der www.loftage.de liegen, w\u00fcrde eine Haftungsverpflichtung<br>ausschlie\u00dflich in dem Fall in Kraft treten, in dem die www.loftage.de von den Inhalten<br>Kenntnis hat und es ihr technisch m\u00f6glich und zumutbar w\u00e4re, die Nutzung im Falle<br>rechtswidriger Inhalte zu verhindern. Die www.loftage.de erkl\u00e4rt hiermit ausdr\u00fccklich, dass<br>zum Zeitpunkt der Linksetzung keine illegalen Inhalte auf den zu verlinkenden Seiten<br>erkennbar waren. Auf die aktuelle und zuk\u00fcnftige Gestaltung, die Inhalte oder die<br>Urheberschaft der gelinkten\/verkn\u00fcpften Seiten hat die www.loftage.de keinerlei Einfluss.<br>Deshalb distanziert sie sich hiermit ausdr\u00fccklich von allen Inhalten aller<br>gelinkten\/verkn\u00fcpften Seiten, die nach der Linksetzung ver\u00e4ndert wurden. Diese Feststellung<br>gilt f\u00fcr alle innerhalb des eigenen Internetangebotes gesetzten Links und Verweise.<\/p>\n<p>F\u00fcr illegale, fehlerhafte oder unvollst\u00e4ndige Inhalte und insbesondere f\u00fcr Sch\u00e4den, die aus<br>der Nutzung oder Nichtnutzung solcherart dargebotener Informationen entstehen, haftet<br>allein der Anbieter der Seite, auf welche verwiesen wurde, nicht derjenige, der \u00fcber Links auf<br>die jeweilige Ver\u00f6ffentlichung lediglich verweist.<\/p>\n<p>Lizenz<\/p>\n<p>Das auf dieser Website enthaltene geistige Eigentum wie Patente, Marken und Urheberrechte<br>ist gesch\u00fctzt. Durch diese Website wird keine Lizenz zur Nutzung des geistigen<br>Eigentums der www.loftage.de oder Dritter erteilt.<\/p>\n<p>Rechtswahl<\/p>\n<p>S\u00e4mtliche Informationen oder Daten, die Nutzung dieser Website sowie s\u00e4mtliches mit dieser<br>Website zusammenh\u00e4ngendes Tun, Dulden oder Unterlassen unterliegen ausschlie\u00dflich<br>deutschem Recht. Erf\u00fcllungsort und ausschlie\u00dflicher Gerichtsstand ist Frankfurt \/Main.<\/p>\n<p>Copyright<\/p>\n<p>\u00a9 2012 rhein-main. Alle Rechte vorbehalten.<\/p>\n<p>Veranstaltungen<\/p>\n<p>ist<br>sind \u2013mit Zugang der Rechnung sofort, ohne jeden Abzug zur Zahlung f\u00e4llig.<br>berechtigt, aufgelaufene Forderungen jederzeit f\u00e4llig zu stellen und unverz\u00fcglich Zahlung zu<br>verlangen. Im Falle des Verzuges ist berechtigt, Verzugszinsen in H\u00f6he von 5% \u00fcber<br>dem jeweiligen Basiszinssatz nach \u00a71 Diskontsatz-\u00dcberleitungs-Gesetz bzw. dem<br>entsprechenden Nachfolgezinssatz der Europ\u00e4ischen Zentralbank zu berechnen.<\/p>\n<p>ist berechtigt, jederzeit eine Vorauszahlung zuverlangen. Hierf\u00fcr ist eine<br>Zahlungsfrist zu bestimmen, die mindestens eine Woche betr\u00e4gt.<\/p>\n<p>Wird eine vereinbarte oder von nach vorstehender Regelung verlangte Vorauszahlung<\/p>\n<p>nicht bis zur F\u00e4lligkeit geleistet, ist berechtigt, vom Vertrag zur\u00fcckzutreten. Werden<br>bereitgestellte Leistungen vom Veranstalter ohne Vereinbarung und R\u00fccksprache nicht in<br>Anspruchgenommen, ist berechtigt den vereinbarten Schadensersatz in Rechnung zu<\/p>\n<p>stellen.<\/p>\n<p>\u00a7 4 R\u00fccktritt durch<\/p>\n<p>1. ist berechtigt, aus sachlichgerechtfertigtem Grund vom Vertrag zur\u00fcckzutreten,<br>beispielsweise falls h\u00f6here Gewalt oder andere von nicht zu vertretende Umst\u00e4nde<br>die Erf\u00fcllung des Vertrags unm\u00f6glich machen. Veranstaltungen unter irref\u00fchrender oder<br>falscher Angabe wesentlicher Tatsachen z.B. des Veranstalters oder Zwecks gebucht werden;<br>begr\u00fcndeten Anlass zu der Annahme hat, dass die Veranstaltungden reibungslosen<br>Gesch\u00e4ftsbetrieb, die Sicherheit oder den Ruf von gef\u00e4hrden kann; der Veranstalter<br>ohne vorherige schriftliche Zustimmung zu Verkaufs-oder \u00e4hnlichen Veranstaltungen<\/p>\n<p>hat den Veranstalter von der Aus\u00fcbungdes R\u00fccktrittsrechts unverz\u00fcglichin<br>Kenntnis zu setzen.<\/p>\n<p>5. Es entsteht kein Anspruchdes Veranstalters aufSchadensersatz gegen ,au\u00dfer bei<br>vors\u00e4tzlichem oder grobfahrl\u00e4ssigem Verhalten.<br>\u00a7 5 R\u00fccktritt des Kunden \/ des Veranstalters (Abbestellung)<\/p>\n<p>1. Der Veranstalter kann bis 30Tage vor Veranstaltungstermin vom Vertrag zur\u00fccktreten. Bei<br>R\u00fccktritt ist berechtigt, die vereinbarte Miete in Rechnung zu stellen, sofern eine<br>Weitervermietung nicht mehr m\u00f6glich ist.<\/p>\n<p>2. Tritt der Veranstalter zwischen 30 und 7T age vor der Veranstaltung zur\u00fcck, ist<br>berechtigt, 80%der vertraglich vereinbarten Leistungen zu berechnen. Tritt der Veranstalter<br>7oder weniger Tage vor der Veranstaltung zur\u00fcck, ist berechtigt, 100%der<br>vertraglich vereinbarten Leistungen zu berechnen.<\/p>\n<p>3. Die Berechnungdes Speisenumsatzes erfolgt nachder Formel: Men\u00fcpreis-Bankett x<br>Personenzahl. War f\u00fcr das Men\u00fc nochkein Preisvereinbart, wirddas preiswerteste 3-Gang-<br>Men\u00fcdes jeweils g\u00fcltigen Veranstaltungsangebotes zugrunde gelegt.<br>4. Dem Veranstalter bleibt der Nachweis h\u00f6herer ersparter Aufwendungen, der<br>Nachweis niedriger ersparter Aufwendungen vorbehelten.<br>6. Sofern zwischen unddem Kunden ein Termin zum R\u00fccktritt vom Vertrag schriftlich<br>vereinbart wurde, kann der Kunde bis dahin vom Vertrag zur\u00fccktreten, ohne Zahlungs-und<br>Schadenersatzanspr\u00fcche auszul\u00f6sen. Das R\u00fccktrittsrecht des Kunden erlischt, er nicht<br>bis zum vereinbarten Termin sein Recht zum R\u00fccktritt schriftlichgegen\u00fcber aus\u00fcbt,<br>sofern nicht ein Falldes R\u00fccktritts gem\u00e4\u00df\u00a75, Ziffer 1oder 2R\u00fccktritt des Kunden vorliegt.<\/p>\n<p>5.<br>einl\u00e4dt.<br>4.<br>wenn<\/p>\n<p>Veranstaltungen<br>\u00a7 6 Raumbereitstellung, -\u00fcbergabe und \u2013r\u00fcckgabe<\/p>\n<p>1. Der Kunde erwirbt keinen Anspruch aufdie Bereitstellungbestimmter Veranstaltungsr\u00e4ume.<br>2. Gebuchte R\u00e4ume stehen dem Kunden ab1Stunde vordem vereinbarten<br>Veranstaltungstag zur Verf\u00fcgung. Der Kunde hat keinen Anspruch auffr\u00fchere Bereitstellung.<br>3. Am vereinbarten Abreisetag sinddie Zimmer dem Hotel sp\u00e4testens um 13.00Uhr ger\u00e4umt<br>zur Verf\u00fcgung zu stellen. Danachkann das Hotelaufgrundder versp\u00e4teten R\u00e4umungdes<br>Zimmers f\u00fcr dessen vertrags\u00fcberschreitende Nutzungbis 18.00Uhr 50%des vollen<br>Logispreises (Listenpreises)in Rechnung stellen, ab18.00Uhr 100%. Vertragliche Anspr\u00fcche<br>des Kunden werden hierdurch nicht begr\u00fcndet.<br>\u00a7 7 \u00c4nderung der Teilnehmerzahl und der Veranstaltungszeit<\/p>\n<p>1. Eine \u00c4nderungder Teilnehmerzahl muss sp\u00e4testens 5Arbeitstage vor<br>Veranstaltungsbeginn mitgeteilt werden; sie bedarfder Zustimmungdurch .<br>2. Eine Reduzierungder Teilnehmerzahl wird von beider Abrechnung anerkannt. Bei<br>dar\u00fcber hinausgehenden Abweichungen wirddie urspr\u00fcnglichgemeldeteTeilnehmerzahl<br>abz\u00fcglich5% zugrundegelegt.<br>3. Im Fall einer Abweichung nach oben wirddie tats\u00e4chliche Teilnehmerzahlberechnet.<br>4. BeiAbweichungen der Teilnehmerzahl um mehr als 10%ist berechtigt die<br>vereinbarten Preise neu festzusetzen sowie die best\u00e4tigten R\u00e4ume zu tauschen, es seidenn,<br>dass dies dem Veranstalter unzumutbar ist.<br>5. Verschieben sich ohne vorherige schriftliche Zustimmungdurch die vereinbarten<br>Anfangs-oder Schlusszeiten der Veranstaltung, so<br>Leistungsbereitschaft in Rechnung stellen, es seidenn<br>6. F\u00fcr Veranstaltungen, die \u00fcber 24.00Uhr hinausgehen, gilt der jeweils ausgewiesene<br>Nachtzuschlag.<br>\u00a7 8 Mitbringen von Speisen und Getr\u00e4nken<\/p>\n<p>Der Veranstalter, seine G\u00e4ste d\u00fcrfen Speisen undGetr\u00e4nke zu Veranstaltungen grunds\u00e4tzlich<br>nicht mitbringen. Ausnahmen bed\u00fcrfen einer schriftlichen Vereinbarung mit .<br>In diesen F\u00e4llen wird einBeitrag zur DeckungderGemeinkosten berechnet.<\/p>\n<p>\u00a7 9 Technische Einrichtungen und Anschl\u00fcsse<\/p>\n<p>1. Soweit f\u00fcr den Veranstalter aufdessen Veranlassung technische und sonstige<br>Einrichtungen von Dritten beschafft, handelt es im Namen, in Vollmacht undf\u00fcr Rechnung<br>des Veranstalters. Der Veranstalter haftet f\u00fcr die pflegliche Behandlung unddie<br>ordnungsgem\u00e4\u00dfe R\u00fcckgabe. Er stellt von allen Anspr\u00fcchen Dritter aus der<br>\u00dcberlassungdieser Einrichtungen frei.<\/p>\n<p>2. Die Verwendung eigenen elektrischen Anlagen des Veranstalters unter Nutzungdes<br>Stromnetzes von bedarfdessen schriftlicher Zustimmung. Durchdie Verwendung<br>dieser Ger\u00e4te auftretende St\u00f6rungen oder Besch\u00e4digungen an den technischen Anlagen<br>gehen zu Lasten des Veranstalters, soweit diese nicht zu vertreten hat. Die<br>durchdie Verwendung entstehenden Stromkosten darf pauschal erfassen und<br>berechnen.<\/p>\n<p>3. Der Veranstalter ist mit Zustimmung von berechtigt, eigene Telefon-, Telefax-und<br>Daten\u00fcbertragungseinrichtungen zu benutzen. Daf\u00fcr kann eine Anschlussgeb\u00fchr<br>verlangen.<\/p>\n<p>kann zus\u00e4tzliche Kosten der<br>trifft ein Verschulden.<br>von<\/p>\n<p>Veranstaltungen<\/p>\n<p>5. St\u00f6rungen an von zur Verf\u00fcgunggestellten technischen oder sonstigen<br>Einrichtungen werden nachM\u00f6glichkeit sofort beseitigt. Zahlungen k\u00f6nnen nicht<br>zur\u00fcckbehalten oder gemindert werden, soweit diese St\u00f6rungen nicht zu vertreten<br>hat.<\/p>\n<p>\u00a7 10 GEMA<\/p>\n<p>Alle Musikveranstaltungen m\u00fcssen vomVeranstalter vorabder GEMAgemeldet und<br>informiert werden. Die Geb\u00fchren der GEMA tr\u00e4gt der Veranstalter. wird vom<br>Veranstalter bez\u00fcglich eventueller Forderungen der GEMA, die aus unerlaubter Nutzungder<br>Rechte der GEMA oder Dritter (z.B. Nichtanmeldungdurchden Veranstalter) entstanden<br>sind, freigestellt.<\/p>\n<p>\u00a7 11 Nutzungsverl\u00e4ngerung, zus\u00e4tzliche Leistungen<\/p>\n<p>1. Reservierte Veranstaltungsr\u00e4ume stehen dem Gast oder Veranstalter nur innerhalbdes<br>schriftlich vereinbarten Zeitraums zur Verf\u00fcgung. Eine Inanspruchnahme dar\u00fcber hinaus<br>bedarf einer zus\u00e4tzlichen schriftlichen Vereinbarung.<br>2. Die neben den vereinbarten vertraglichen Leistungen entstehenden Kosten, sind von<br>jedem Veranstaltungsteilnehmer selbst zu bezahlen. Geschieht dies nicht, haftet der<br>Veranstalter gesamtschuldnerisch.<\/p>\n<p>\u00a7 12 Verlust oder Besch\u00e4digung mitgebrachter Sachen<\/p>\n<p>1. Mitgef\u00fchrte Ausstellungs-oder sonstige, auchpers\u00f6nliche Gegenst\u00e4nde befinden sich auf<br>Gefahr des Veranstalters in den Veranstaltungsr\u00e4umen. \u00fcbernimmt f\u00fcr Verlust,<br>Untergang oder Besch\u00e4digungkeine Haftung, au\u00dfer beigrober Fahrl\u00e4ssigkeit oder Vorsatz<br>durch .Unber\u00fchrt bleibt die gesetzliche Haftunggem\u00e4\u00df\u00a7701BGBbis zu den<br>H\u00f6chstgrenzen des \u00a7702BGB.<\/p>\n<p>2. Mitgebrachtes Dekorationsmaterialhat den feuerpolizeilichen Anforderungen zu<br>entsprechen. Daf\u00fcr einen beh\u00f6rdlichen Nachweis zu verlangen, ist berechtigt. Wegen<br>m\u00f6glicher Besch\u00e4digungen sinddie Aufstellung undAnbringung von Gegenst\u00e4nden vorher<\/p>\n<p>mit abzustimmen.<\/p>\n<p>3. Mitgebrachte Ausstellungs-oder sonstige Gegenst\u00e4nde sind nachEndeder Veranstaltung<br>unverz\u00fcglich zu entfernen. Unterl\u00e4sst der Veranstalter das, darf die Entfernung und<br>Lagerung zu Lasten des Veranstalters vornehmen. Verbleiben dieGegenst\u00e4nde im<br>Veranstaltungsraum, kann f\u00fcr die Dauer des Verbleibs Raummiete berechnen. Dem<br>Veranstalter bleibt der Nachweis eines niedrigeren, der eines h\u00f6heren Schadens<\/p>\n<p>vorbehalten.<\/p>\n<p>\u00a7 13 Haftung des Kunden \/Veranstalters f\u00fcr Sch\u00e4den<\/p>\n<p>1. Der Kunde \/Veranstalter haftet f\u00fcr alle Sch\u00e4den an Geb\u00e4ude oder Inventar, die durch<br>Veranstaltungsteilnehmer bzw. -besucher, Mitarbeiter, sonstige Dritte aus seinem Bereich<br>oder ihn selbst verursacht werden.<br>kann vom Veranstalter die Stellung angemessener Sicherheiten (z.B.<br>Versicherungen, Kautionen, B\u00fcrgschaften) verlangen.<\/p>\n<p>\u00a7 14 Haftung<\/p>\n<p>1. haftet mit der Sorgfalt eines ordentlichen Kaufmannes f\u00fcr seine Verpflicht-ungen<br>aus dem Vertrag. Anspr\u00fcche des Kunden aufSchadenersatz sind ausgeschlos-sen. Hiervon<br>ausgenommen sindSch\u00e4den aus der Verletzungdes Lebens oder der Gesundheit, wenn<br>die Pflichtverletzung zu vertreten hat, und sonstige Sch\u00e4den, die auf einer<br>vors\u00e4tzlichen oder grobfahrl\u00e4ssigen Pflichtverletzungdurch beruhen. Einer<br>Pflichtverletzung steht die eines gesetzlichen Vertreters oder Erf\u00fcllungsgehilfen gleich.<\/p>\n<p>2.<\/p>\n<p>Veranstaltungen<\/p>\n<p>Sollten St\u00f6rungen oder M\u00e4ngel an den Leistungen von auftreten, wird bei<br>Kenntnis oder auf unverz\u00fcglichR\u00fcge des Kunden bem\u00fcht sein, f\u00fcr Abhilfezu sorgen. Der<br>Kunde ist verpflichtet, das ihm Zumutbare beizutragen, um die St\u00f6rung zubeheben und<br>einen m\u00f6glichen Schaden gering zu halten.<\/p>\n<p>2. F\u00fcr eingebrachte Sachen haftet dem Kunden nachden gesetzlichen Bestimmungen,<br>das ist bis zum 100fachen des Zimmerpreises, h\u00f6chstens \u20ac3.500,00, sowie f\u00fcr Geld,<br>Wertpapiere undKostbarkeiten bis zu \u20ac800,00. Das Hotel empfiehlt, von dieser M\u00f6glichkeit<br>Gebrauch zu machen. Die Haftungsanspr\u00fcche erl\u00f6schen, wenn nicht der Kunde unverz\u00fcglich<br>nachErlangen der Kenntnis von Verlust, Zerst\u00f6rung oder Besch\u00e4digung, sp\u00e4testens jedoch<br>beider Abreise Anzeigemacht (\u00a7703BGB). F\u00fcr eine weitere Haftung gilt<br>vorstehendZiffer 1Satz 2\u20134entsprechend.<\/p>\n<p>4. Soweit dem Kunden ein Stellplatz aufdem Gel\u00e4nde, auchgegen Entgelt, zu Verf\u00fcgung<br>gestellt wird, kommt dadurchkein Verwahrungsvertrag zustande. BeiAbhandenkommen<br>oder Besch\u00e4digung aufdem Grundst\u00fcck abgestellter oder rangierter Kraftfahrzeuge und<br>deren Inhalte haftet nicht, au\u00dfer beiVorsatz undgrober Fahrl\u00e4ssigkeit. Dies gilt auch<br>f\u00fcr Erf\u00fcllungsgehilfen .Vorstehende Ziffer 1Satz 2\u20134gilt entsprechend. Die<br>Vorschriften der Stra\u00dfenverkehrsordnunggelten sinngem\u00e4\u00df.<\/p>\n<p>5. Liegengebliebene Gegenst\u00e4nde werden nur aufAnfrage nachgesandt. verpflichtet<br>sich zu einer Aufbewahrung von sechs Monaten.<\/p>\n<p>\u00a7 15 Schlussbestimmungen<\/p>\n<p>1. \u00c4nderungen oder Erg\u00e4nzungen des Vertrags, der Vertragsbest\u00e4tigung oder dieser<br>Gesch\u00e4ftsbedingungen f\u00fcr Veranstaltungen bed\u00fcrfen der Schriftform. Einseitige \u00c4nderungen<br>oder Erg\u00e4nzungen durchden Veranstalter sind unwirksam.<br>2. Erf\u00fcllungs-undZahlungsort ist:<br>Frankfurt am Main (LoftAGE-Frankfurt GmbH)<br>K\u00f6nigstein (LoftAGE rhein-main).<br>von<br>3. Ausschlie\u00dflicher Gerichtsstandist im kaufm\u00e4nnischen Verkehr der Sitz der .Sofern<br>ein Vertragspartner die Voraussetzungdes \u00a738Absatz 1ZPO erf\u00fcllt undkeinen allgemeinen<br>Gerichtsstandim Inlandhat, gilt als Gerichtsstand am Sitz der<\/p>\n<p>4. Es gilt deutsches Recht.<br>5. Sollten einzelne Bestimmungen dieser Allgemeinen Gesch\u00e4ftsbedingungen f\u00fcr<br>Veranstaltungen unwirksam oder nichtig sein, so wirddadurchdieWirksamkeit der \u00fcbrigen<br>Bestimmungen nicht ber\u00fchrt. Im \u00dcbrigengeltendie gesetzlichen Vorschriften.<br>.<\/p>\t\t\t\t\t\t\t\t<\/div>\n\t\t\t\t<\/div>\n\t\t\t\t\t<\/div>\n\t\t<\/div>\n\t\t\t\t\t<\/div>\n\t\t<\/section>\n\t\t\t\t<\/div>","protected":false},"excerpt":{"rendered":"<p>Impressum LOFTAGE Frankfurt GmbH Eschborner Landstrasse 164 D 60489 Frankfurt \/Main Gesch\u00e4ftsf\u00fchrer: Dipl. Ing. William Knuettel Bankverbindung: Frankfurter Sparkasse 1822 Handelsregister: HRB 75 277 \u2013 USt.-IdNr.: DE24 37 42 219Gerichtsstand &amp; Erf\u00fcllungsort: Frankfurt \/Main@: anfragen@loftage.deT: +4969.74306761 LOFTAGE RHEIN MAIN Veranstaltungen Eschborner Landstrasse 164D 60489 Frankfurt \/MainInhaber: Dipl. Ing. Willliam KnuettelBankverbindung: CommerzbankSt.Nr. 014 836 37 948 [&hellip;]<\/p>\n","protected":false},"author":1,"featured_media":0,"parent":0,"menu_order":0,"comment_status":"closed","ping_status":"closed","template":"","meta":{"footnotes":""},"class_list":["post-892","page","type-page","status-publish","hentry"],"_links":{"self":[{"href":"https:\/\/www.loftage.de\/en\/wp-json\/wp\/v2\/pages\/892","targetHints":{"allow":["GET"]}}],"collection":[{"href":"https:\/\/www.loftage.de\/en\/wp-json\/wp\/v2\/pages"}],"about":[{"href":"https:\/\/www.loftage.de\/en\/wp-json\/wp\/v2\/types\/page"}],"author":[{"embeddable":true,"href":"https:\/\/www.loftage.de\/en\/wp-json\/wp\/v2\/users\/1"}],"replies":[{"embeddable":true,"href":"https:\/\/www.loftage.de\/en\/wp-json\/wp\/v2\/comments?post=892"}],"version-history":[{"count":34,"href":"https:\/\/www.loftage.de\/en\/wp-json\/wp\/v2\/pages\/892\/revisions"}],"predecessor-version":[{"id":2116,"href":"https:\/\/www.loftage.de\/en\/wp-json\/wp\/v2\/pages\/892\/revisions\/2116"}],"wp:attachment":[{"href":"https:\/\/www.loftage.de\/en\/wp-json\/wp\/v2\/media?parent=892"}],"curies":[{"name":"wp","href":"https:\/\/api.w.org\/{rel}","templated":true}]}}